{"id":1072,"date":"2023-02-16T07:39:41","date_gmt":"2023-02-16T07:39:41","guid":{"rendered":"https:\/\/atomkrieg-aus-versehen.de\/?page_id=1072"},"modified":"2023-02-16T09:40:41","modified_gmt":"2023-02-16T09:40:41","slug":"akr-ki-trier-15-03-23-vortragstitel","status":"publish","type":"page","link":"https:\/\/atomkrieg-aus-versehen.de\/en\/akr-ki-trier-15-03-23-vortragstitel\/","title":{"rendered":"Atomkriegsrisiko und K\u00fcnstliche Intelligenz &#8211; Vortragstitel"},"content":{"rendered":"\n<p>Vortrags- und Diskussionsveranstaltung &#8211; 15. M\u00e4rz 2023, 16:30 &#8211; 20:30, Trier, TUFA, gro\u00dfer Saal<\/p>\n\n\n\n<p><strong>Titel und Inhalte der Vortr\u00e4ge<\/strong> (in Vortragsreihenfolge):<\/p>\n\n\n\n<p><strong>Prof. Dr. J\u00f6rg Siekmann<\/strong>:  <strong>Atomkrieg aus Versehen?<\/strong><\/p>\n\n\n\n<p>Die nukleare Abschreckungsstrategie erfordert auch den Betrieb von Fr\u00fchwarnsystemen f\u00fcr nukleare Bedrohungen, solche Systeme k\u00f6nnen jedoch zu einem Atomkrieg aus Versehen f\u00fchren. In der Vergangenheit gab es einige gef\u00e4hrliche Situationen, nur durch gro\u00dfes Gl\u00fcck ist es bisher nicht zu einer nuklearen Katastrophe gekommen. K\u00fcrzere Vorwarnzeiten im Minuten- oder gar im Sekundenbereich erfordern zunehmend einen Einsatz von Computer-Entscheidung-Systemen aus der KI. Da die Datengrundlage unsicher und unvollst\u00e4ndig ist, k\u00f6nnen auch KI-Systeme nicht sicher entscheiden, das hei\u00dft eine zuverl\u00e4ssige Bewertung von Alarmsituationen ist technisch nicht l\u00f6sbar.<\/p>\n\n\n\n<p><strong>Prof. Dr. Karl Hans Bl\u00e4sius:  Atomkriegsrisiko und neue technische Entwicklungen<\/strong><\/p>\n\n\n\n<p>F\u00fcr softwarebasierte Waffen, wie autonome Waffen und Cyberwaffen sind R\u00fcstungskontrolle und Abr\u00fcstungsvereinbarungen kaum m\u00f6glich. Solche Waffenarten haben auch gef\u00e4hrliche Wechselwirkungen mit Nuklearstreitkr\u00e4ften und erh\u00f6hen die Komplexit\u00e4t von nuklearen Bedrohungen erheblich. Wichtige Grundlage f\u00fcr einen Schutz vor solchen Gefahren k\u00f6nnten internationale Verflechtungen sein.<\/p>\n\n\n\n<p><strong>Brigadegeneral a.D. Reiner Schwalb: <\/strong> <strong>Russlands Krieg und der Weg zu einer stabilen europ\u00e4ische Sicherheitsarchitektur<\/strong><\/p>\n\n\n\n<p>Russlands Aggression hat die europ\u00e4ische Sicherheitsordnung zerst\u00f6rt. Mit dieser Zerst\u00f6rung einhergehend ist auch ein vollkommener Vertrauensverlust des Westens gegen\u00fcber der Atommacht Russland. Welche Rolle spielt der Krieg hinsichtlich der Chancen f\u00fcr eine neue Stabilit\u00e4t. Welche Ziele sollten wir anstreben, welche Wege gehen?<\/p>\n\n\n\n<p><strong>Oberst a.D. Wolfgang Richter: <\/strong> <strong>Stabilisierende Ma\u00dfnahmen zur Verhinderung einer nuklearen Eskalation<\/strong>.<\/p>\n\n\n\n<p>Die kooperative Sicherheitsordnung Europas der 1990er Jahre l\u00f6st sich auf. Die vereinbarte R\u00fcstungskontrollarchitektur ist kollabiert. Instabilit\u00e4t und die Konfrontation mit der Atommacht Russland werden die Sicherheitslage Europas pr\u00e4gen. Um eine unbeabsichtigte Eskalation zu verhindern, m\u00fcssen stabilisierende Ma\u00dfnahmen vereinbart werden.<\/p>\n","protected":false},"excerpt":{"rendered":"<p>Vortrags- und Diskussionsveranstaltung &#8211; 15. M\u00e4rz 2023, 16:30 &#8211; 20:30, Trier, TUFA, gro\u00dfer Saal Titel und Inhalte der Vortr\u00e4ge (in Vortragsreihenfolge): Prof. Dr. J\u00f6rg Siekmann: Atomkrieg aus Versehen? Die nukleare Abschreckungsstrategie erfordert auch den Betrieb von Fr\u00fchwarnsystemen f\u00fcr nukleare Bedrohungen, solche Systeme k\u00f6nnen jedoch zu einem Atomkrieg aus Versehen f\u00fchren. In der Vergangenheit gab es &hellip; <\/p>\n<p class=\"link-more\"><a href=\"https:\/\/atomkrieg-aus-versehen.de\/en\/akr-ki-trier-15-03-23-vortragstitel\/\" class=\"more-link\">Continue reading<span class=\"screen-reader-text\"> &#8220;Atomkriegsrisiko und K\u00fcnstliche Intelligenz &#8211; Vortragstitel&#8221;<\/span><\/a><\/p>\n","protected":false},"author":1,"featured_media":0,"parent":0,"menu_order":0,"comment_status":"closed","ping_status":"closed","template":"","meta":{"footnotes":""},"class_list":["post-1072","page","type-page","status-publish","hentry"],"translation":{"provider":"WPGlobus","version":"3.0.0","language":"en","enabled_languages":["de","en"],"languages":{"de":{"title":true,"content":true,"excerpt":false},"en":{"title":false,"content":false,"excerpt":false}}},"_links":{"self":[{"href":"https:\/\/atomkrieg-aus-versehen.de\/en\/wp-json\/wp\/v2\/pages\/1072","targetHints":{"allow":["GET"]}}],"collection":[{"href":"https:\/\/atomkrieg-aus-versehen.de\/en\/wp-json\/wp\/v2\/pages"}],"about":[{"href":"https:\/\/atomkrieg-aus-versehen.de\/en\/wp-json\/wp\/v2\/types\/page"}],"author":[{"embeddable":true,"href":"https:\/\/atomkrieg-aus-versehen.de\/en\/wp-json\/wp\/v2\/users\/1"}],"replies":[{"embeddable":true,"href":"https:\/\/atomkrieg-aus-versehen.de\/en\/wp-json\/wp\/v2\/comments?post=1072"}],"version-history":[{"count":3,"href":"https:\/\/atomkrieg-aus-versehen.de\/en\/wp-json\/wp\/v2\/pages\/1072\/revisions"}],"predecessor-version":[{"id":1083,"href":"https:\/\/atomkrieg-aus-versehen.de\/en\/wp-json\/wp\/v2\/pages\/1072\/revisions\/1083"}],"wp:attachment":[{"href":"https:\/\/atomkrieg-aus-versehen.de\/en\/wp-json\/wp\/v2\/media?parent=1072"}],"curies":[{"name":"wp","href":"https:\/\/api.w.org\/{rel}","templated":true}]}}