{"id":1180,"date":"2023-06-01T10:29:21","date_gmt":"2023-06-01T10:29:21","guid":{"rendered":"https:\/\/atomkrieg-aus-versehen.de\/?page_id=1180"},"modified":"2025-02-11T10:36:39","modified_gmt":"2025-02-11T10:36:39","slug":"aktuell-weitere-hinweise","status":"publish","type":"page","link":"https:\/\/atomkrieg-aus-versehen.de\/en\/aktuell-weitere-hinweise\/","title":{"rendered":"Aktuell &#8211; weitere Hinweise"},"content":{"rendered":"\n<p>Diese Seite liefert Hinweise zu weiteren Quellen, bei denen es um das Atomkriegsrisiko geht. Hierbei besteht kein Anspruch auf Vollst\u00e4ndigkeit, wichtige Hinweise k\u00f6nnen fehlen. Weitere wichtige Hinweise kann es z.B. auf&nbsp;<a href=\"http:\/\/www.icanw.de\/\">www.icanw.de<\/a>&nbsp;oder anderen Seiten der Friedensbewegung geben.<\/p>\n\n\n\n<p>Die Seite enth\u00e4lt keine Hinweise zu Ver\u00f6ffentlichungen, an denen Mitglieder des <a href=\"https:\/\/atomkrieg-aus-versehen.de\/ueber-uns\/\">Teams<\/a> beteiligt sind. Solche Beitr\u00e4ge gibt es bei \u201e<a href=\"http:\/\/www.atomkrieg-aus-versehen.de\/aktuelles\/\">Aktuell<\/a>\u201c.<\/p>\n\n\n\n<p>Die Hinweise sind angegeben in der Reihenfolge der Ver\u00f6ffentlichung, neueste zuerst. In den n\u00e4chsten Wochen wird diese Liste noch um \u00e4ltere Hinweise erg\u00e4nzt.<\/p>\n\n\n\n<p>26.1.2025: Webinar &#8220;<strong>Autonomous Armageddon: Nuclear Weapons and AI<\/strong>&#8220;, u.a. mit Professor Geoffrey Hinton, 2024 Gewinner eines Nobelpreises in Physik. <a href=\"https:\/\/www.ippnw.org\/ai\">Hinweis auf Webinar<\/a>, <a href=\"https:\/\/www.youtube.com\/watch?v=vmz2DoMHBys&amp;t=4s\">youtube-video<\/a><\/p>\n\n\n\n<p>30.05.2023: <strong>KI-Experten waren vor den Risiken der KI, die auch zum Ende der Menschheit f\u00fchren k\u00f6nnten. <\/strong>Der Aufruf geht von Chefs gro\u00dfer IT-Unternehmen und KI-Wissenschaftlern aus. Hinweise dazu: <a href=\"https:\/\/www.safe.ai\/statement-on-ai-risk\">Das Statement bei safe.ai<\/a> ,  <a href=\"https:\/\/futureoflife.org\/ai-policy\/fli-on-a-statement-on-ai-risk-and-next-steps\/\">Empfehlungen dazu vom FLI<\/a> ,  <a href=\"https:\/\/www.spiegel.de\/netzwelt\/netzpolitik\/risiko-der-ausloeschung-ki-koryphaeen-von-openai-und-google-warnen-a-b5c4539b-26cc-4461-8884-a784061e4e25\">Hinweis beim Spiegel<\/a> ,  <a href=\"https:\/\/www.zdf.de\/nachrichten\/panorama\/ki-gefahr-menschheit-risiko-vernichtung-100.html\">Hinweis beim ZDF<\/a><\/p>\n\n\n\n<p>17.05.2023: <strong>248 einflussreiche Pers\u00f6nlichkeiten aus 50 L\u00e4ndern, darunter China, Russland und USA, warnen, dass die nukleare R\u00fcstungskontrolle nicht dem geopolitischen Wettbewerb zum Opfer fallen darf.<\/strong>  <a href=\"https:\/\/www.europeanleadershipnetwork.org\/group-statement\/protecting-nuclear-arms-control-is-a-global-imperative\/\">Statement<\/a> , &nbsp;<a href=\"https:\/\/www.europeanleadershipnetwork.org\/wp-content\/uploads\/2023\/05\/23_05_17_ELN-APLN-Group-Statement.pdf\">PDF des Statements<\/a> , <a href=\"https:\/\/www.telepolis.de\/features\/Der-Schutz-der-nuklearen-Ruestungskontrolle-ist-ein-globales-Gebot-9069272.html\">Artikel bei Telepolis<\/a><\/p>\n\n\n\n<p>26.04.2023: <strong>Gesetzentwurf zum Verbot der Verwendung von Bundesmitteln f\u00fcr den Abschuss einer Atomwaffe mit Hilfe eines autonomen Waffensystems, das keiner sinnvollen menschlichen Kontrolle unterliegt.<\/strong> <a href=\"https:\/\/www.congress.gov\/bill\/118th-congress\/house-bill\/2894\/text?s=1&amp;r=42\">Hinweis congress.gov<\/a> ,  <a href=\"https:\/\/www.congress.gov\/118\/bills\/hr2894\/BILLS-118hr2894ih.pdf\">Gesetzentwurf<\/a> <\/p>\n\n\n\n<p>12.02.2023:<strong> Artikel zum Ukraine-Krieg und zu Risiken f\u00fcr die gesamte Menschheit in Hinblick auf heutige technische M\u00f6glichkeiten.<\/strong> Autoren: Justus Frantz, General a.D. Harald Kujat, Dr. Bruno Redeker, Professor Dr. Horst Teltschik.&nbsp;<a href=\"https:\/\/www.cfvw.org\/cfvw\/gesellschaft\/initiative\/initiative.html\">Link zum Artikel<\/a> ,  <a href=\"https:\/\/www.cfvw.org\/files\/cfvw\/ukraine\/initiative\/initiative-d-01.pdf\">Artikel als PDF<\/a><\/p>\n","protected":false},"excerpt":{"rendered":"<p>Diese Seite liefert Hinweise zu weiteren Quellen, bei denen es um das Atomkriegsrisiko geht. Hierbei besteht kein Anspruch auf Vollst\u00e4ndigkeit, wichtige Hinweise k\u00f6nnen fehlen. Weitere wichtige Hinweise kann es z.B. auf&nbsp;www.icanw.de&nbsp;oder anderen Seiten der Friedensbewegung geben. Die Seite enth\u00e4lt keine Hinweise zu Ver\u00f6ffentlichungen, an denen Mitglieder des Teams beteiligt sind. Solche Beitr\u00e4ge gibt es bei &hellip; <\/p>\n<p class=\"link-more\"><a href=\"https:\/\/atomkrieg-aus-versehen.de\/en\/aktuell-weitere-hinweise\/\" class=\"more-link\">Continue reading<span class=\"screen-reader-text\"> &#8220;Aktuell &#8211; weitere Hinweise&#8221;<\/span><\/a><\/p>\n","protected":false},"author":1,"featured_media":0,"parent":0,"menu_order":0,"comment_status":"closed","ping_status":"closed","template":"","meta":{"footnotes":""},"class_list":["post-1180","page","type-page","status-publish","hentry"],"translation":{"provider":"WPGlobus","version":"3.0.0","language":"en","enabled_languages":["de","en"],"languages":{"de":{"title":true,"content":true,"excerpt":false},"en":{"title":false,"content":false,"excerpt":false}}},"_links":{"self":[{"href":"https:\/\/atomkrieg-aus-versehen.de\/en\/wp-json\/wp\/v2\/pages\/1180","targetHints":{"allow":["GET"]}}],"collection":[{"href":"https:\/\/atomkrieg-aus-versehen.de\/en\/wp-json\/wp\/v2\/pages"}],"about":[{"href":"https:\/\/atomkrieg-aus-versehen.de\/en\/wp-json\/wp\/v2\/types\/page"}],"author":[{"embeddable":true,"href":"https:\/\/atomkrieg-aus-versehen.de\/en\/wp-json\/wp\/v2\/users\/1"}],"replies":[{"embeddable":true,"href":"https:\/\/atomkrieg-aus-versehen.de\/en\/wp-json\/wp\/v2\/comments?post=1180"}],"version-history":[{"count":7,"href":"https:\/\/atomkrieg-aus-versehen.de\/en\/wp-json\/wp\/v2\/pages\/1180\/revisions"}],"predecessor-version":[{"id":1333,"href":"https:\/\/atomkrieg-aus-versehen.de\/en\/wp-json\/wp\/v2\/pages\/1180\/revisions\/1333"}],"wp:attachment":[{"href":"https:\/\/atomkrieg-aus-versehen.de\/en\/wp-json\/wp\/v2\/media?parent=1180"}],"curies":[{"name":"wp","href":"https:\/\/api.w.org\/{rel}","templated":true}]}}