{"id":1198,"date":"2023-07-03T10:41:30","date_gmt":"2023-07-03T10:41:30","guid":{"rendered":"https:\/\/atomkrieg-aus-versehen.de\/?page_id=1198"},"modified":"2023-07-09T13:03:58","modified_gmt":"2023-07-09T13:03:58","slug":"gefaehrdung-unseres-planeten","status":"publish","type":"page","link":"https:\/\/atomkrieg-aus-versehen.de\/en\/gefaehrdung-unseres-planeten\/","title":{"rendered":"Einer muss anfangen, aufzuh\u00f6ren. WIR m\u00fcssen anfangen, aufzuh\u00f6ren!"},"content":{"rendered":"\n<p>Thesen zur Gef\u00e4hrdung unseres Planeten durch Massenvernichtungsmittel und K\u00fcnstliche Intelligenz<\/p>\n\n\n\n<p>Von Leo Ensel<\/p>\n\n\n\n<p><em>Am 30. Mai ver\u00f6ffentlichten namhafte Forscher zur K\u00fcnstlichen Intelligenz ein \u201e<\/em><a href=\"https:\/\/www.safe.ai\/statement-on-ai-risk\"><em>Ein-Satz-Statement<\/em><\/a><em>\u201c, in dem sie explizit vor einem \u201eAussterben der Menschheit durch KI\u201c warnten und diese Gefahr mit dem Risiko eines Atomkriegs verglichen. Beide Gefahren k\u00f6nnen allerdings selbst durch die ausgekl\u00fcgeltste Technik nicht gel\u00f6st, sondern nur gebannt werden, wenn die relevanten geopolitischen Rivalen von ihren Bev\u00f6lkerungen wieder zu einer Politik der Deeskalation und der Rekonstruktion des Vertrauens gezwungen werden. \u2013 Ein Pl\u00e4doyer f\u00fcr eine internationale \u201eFriedensbewegung 2.0\u201c.<\/em><\/p>\n\n\n\n<ul class=\"wp-block-list\">\n<li>Die Gefahr einer milit\u00e4rischen Totalkatastrophe \u2013 sei es durch Massenvernichtungsmittel wie Atombomben oder biologische Waffen, sei es durch eine mittels K\u00fcnstlicher Intelligenz oder Superintelligenz entfesselte und sich verselbst\u00e4ndigende Technik oder sei es durch ein Zusammenspiel all dieser Faktoren \u2013 ist durch eine (noch so ausgekl\u00fcgelte) Technik definitiv nicht zu bannen, <em>da es l\u00e4ngst die Technik selbst ist, die in immer rasanterem Tempo zum Problem, nein: zur Gefahr wird.<\/em><\/li>\n<\/ul>\n\n\n\n<ul class=\"wp-block-list\">\n<li>Die tiefste Wurzel der gesamten Malaise liegt nicht in einer \u2013 niemals fehlerfreien \u2013 Technik oder K\u00fcnstlichen Intelligenz, sondern <em>in dem abgrundtiefen Misstrauen, das alle rivalisierenden geopolitischen Akteure gegeneinander hegen!<\/em><\/li>\n<\/ul>\n\n\n\n<ul class=\"wp-block-list\">\n<li>Die Verhinderung der Totalvernichtung durch totale Vernichtung der Massenvernichtungsmittel, deren \u00c4chtung und die weltweite Reglementierung der Weiterentwicklung K\u00fcnstlicher Intelligenz, wird nur gelingen, wenn alle relevanten milit\u00e4rischen und politischen Akteure sich \u2013 \u00fcber alle Gegens\u00e4tze und Feindschaften hinweg \u2013 wieder zu einer Politik des \u201eNeuen Denkens\u201c (Michail Gorbatschow) durchringen: Zu einem Dia\u00adlog, zu einer Politik der Deeskalation und der Rekonstruktion des Vertrauens unter dem Primat der allgemeinen menschlichen Werte \u2013 am Pr\u00e4gnantesten zusammengefasst in der Formel <em>\u201eGemeinsam \u00fcberleben statt gemeinsam untergehen!\u201c<\/em><\/li>\n<\/ul>\n\n\n\n<ul class=\"wp-block-list\">\n<li>Getreu der Maxime, die der Philosoph G\u00fcnther Anders vor \u00fcber 60 Jahren im Hinblick auf die atomare Bedrohung formulierte: \u201eWas wir bek\u00e4mpfen, ist nicht dieser oder jener Gegner, der mit atomaren Mitteln attackiert oder liquidiert werden k\u00f6nnte, sondern <em>die atomare Situation als solche<\/em>. Da dieser Feind aller Menschen Feind ist, m\u00fcssten sich diejenigen, die einander bisher als Feind betrachtet hatten, als <em>Bundesgenossen gegen die gemeinsame Bedrohung<\/em> zusammenschlie\u00dfen.\u201c<\/li>\n<\/ul>\n\n\n\n<ul class=\"wp-block-list\">\n<li>Solange die politischen Repr\u00e4sentanten der relevanten Staaten zu dieser \u201ePolitik des Neuen Denkens\u201c nicht bereit sind, m\u00fcssen sie weltweit \u201avon unten\u2018 durch ihre Bev\u00f6lkerungen \u2013 die ja im Ernstfalle die Opfer w\u00e4ren \u2013 dazu gezwungen werden. Was ben\u00f6tigt wird, ist nichts Geringeres als eine Internationale f\u00fcr Deeskalation und die Rekonstruktion des Vertrauens, eine <em>Internationale f\u00fcr das \u00dcberleben der Menschheit!<\/em><\/li>\n<\/ul>\n\n\n\n<ul class=\"wp-block-list\">\n<li>Die Forderungen dieser \u201eInternationalen Friedensbewegung 2.0\u201c an ihre jeweiligen Repr\u00e4sentanten der eigenen Staaten h\u00e4tten zu lauten:<\/li>\n<\/ul>\n\n\n\n<p><strong>Einer muss anfangen, aufzuh\u00f6ren!<\/strong><\/p>\n\n\n\n<p><strong>WIR m\u00fcssen anfangen, aufzuh\u00f6ren!<\/strong><\/p>\n","protected":false},"excerpt":{"rendered":"<p>Thesen zur Gef\u00e4hrdung unseres Planeten durch Massenvernichtungsmittel und K\u00fcnstliche Intelligenz Von Leo Ensel Am 30. Mai ver\u00f6ffentlichten namhafte Forscher zur K\u00fcnstlichen Intelligenz ein \u201eEin-Satz-Statement\u201c, in dem sie explizit vor einem \u201eAussterben der Menschheit durch KI\u201c warnten und diese Gefahr mit dem Risiko eines Atomkriegs verglichen. Beide Gefahren k\u00f6nnen allerdings selbst durch die ausgekl\u00fcgeltste Technik nicht &hellip; <\/p>\n<p class=\"link-more\"><a href=\"https:\/\/atomkrieg-aus-versehen.de\/en\/gefaehrdung-unseres-planeten\/\" class=\"more-link\">Continue reading<span class=\"screen-reader-text\"> &#8220;Einer muss anfangen, aufzuh\u00f6ren. WIR m\u00fcssen anfangen, aufzuh\u00f6ren!&#8221;<\/span><\/a><\/p>\n","protected":false},"author":1,"featured_media":0,"parent":0,"menu_order":0,"comment_status":"closed","ping_status":"closed","template":"","meta":{"footnotes":""},"class_list":["post-1198","page","type-page","status-publish","hentry"],"translation":{"provider":"WPGlobus","version":"3.0.0","language":"en","enabled_languages":["de","en"],"languages":{"de":{"title":true,"content":true,"excerpt":false},"en":{"title":false,"content":false,"excerpt":false}}},"_links":{"self":[{"href":"https:\/\/atomkrieg-aus-versehen.de\/en\/wp-json\/wp\/v2\/pages\/1198","targetHints":{"allow":["GET"]}}],"collection":[{"href":"https:\/\/atomkrieg-aus-versehen.de\/en\/wp-json\/wp\/v2\/pages"}],"about":[{"href":"https:\/\/atomkrieg-aus-versehen.de\/en\/wp-json\/wp\/v2\/types\/page"}],"author":[{"embeddable":true,"href":"https:\/\/atomkrieg-aus-versehen.de\/en\/wp-json\/wp\/v2\/users\/1"}],"replies":[{"embeddable":true,"href":"https:\/\/atomkrieg-aus-versehen.de\/en\/wp-json\/wp\/v2\/comments?post=1198"}],"version-history":[{"count":3,"href":"https:\/\/atomkrieg-aus-versehen.de\/en\/wp-json\/wp\/v2\/pages\/1198\/revisions"}],"predecessor-version":[{"id":1206,"href":"https:\/\/atomkrieg-aus-versehen.de\/en\/wp-json\/wp\/v2\/pages\/1198\/revisions\/1206"}],"wp:attachment":[{"href":"https:\/\/atomkrieg-aus-versehen.de\/en\/wp-json\/wp\/v2\/media?parent=1198"}],"curies":[{"name":"wp","href":"https:\/\/api.w.org\/{rel}","templated":true}]}}