{"id":1210,"date":"2023-08-09T09:16:15","date_gmt":"2023-08-09T09:16:15","guid":{"rendered":"https:\/\/atomkrieg-aus-versehen.de\/?page_id=1210"},"modified":"2023-10-18T14:01:05","modified_gmt":"2023-10-18T14:01:05","slug":"warnungen-vor-ki","status":"publish","type":"page","link":"https:\/\/atomkrieg-aus-versehen.de\/en\/warnungen-vor-ki\/","title":{"rendered":"Warnungen vor KI"},"content":{"rendered":"\n<p><\/p>\n\n\n\n<p><strong>Ende Mai haben f\u00fchrende KI-Wissenschaftler und Verantwortliche von KI-Unternehmen eindringlich vor Risiken durch KI gewarnt<\/strong>. Diese Warnungen wurden in den Medien kaum beachtet, sollten aber sehr ernst genommen werden. Die Warnungen k\u00f6nnen auch das Atomkriegsrisiko betreffen.<br><br><strong>Artikel zu diesen Warnungen<\/strong>: <a href=\"https:\/\/fwes.info\/Warnungen-KI-2023-2.pdf\">https:\/\/fwes.info\/Warnungen-KI-2023-2.pdf<\/a><br><br>Eine Variante dieses Artikels ist in der Zeitschrift in &#8220;Wissenschaft und Frieden&#8221; 3\/2023 erschienen (Seite 28 &#8211; 29). Eine weitere Variante wird in &#8220;FIfF-Kommunikation&#8221; erscheinen.<br><br>Bei der Warnung vom 30.5. hatten die Unterzeichner auch eine m\u00f6gliche <strong>Superintelligenz <\/strong>im Sinn. Diese Warnungen sind hochspekulativ. Solche Risiken k\u00f6nnen aber auch nicht ausgeschlossen werden. Irgendwelche Vorhersagen sind in diesem Zusammenhang kaum m\u00f6glich. Das Thema Superintelligenz wird auch seit einigen Jahren im Rahmen einer Lehrveranstaltung &#8220;Informatik und Gesellschaft&#8221; eines Fern-Studiengang des Fachbereichs Informatik der Hochschule Trier behandelt. Dieses Lehrmaterial ist jetzt erweitert und allgemein freigegeben: <a href=\"https:\/\/fwes.info\/Superintelligenz-2023-2.pdf\">https:\/\/fwes.info\/Superintelligenz-2023-2.pdf<\/a> .&nbsp; In diesem Beitrag wird auch auf B\u00fccher von Forschenden in diesem Bereich eingegangen. Ein Anhang enth\u00e4lt genauere Hinweise auf diese Literatur.<br><br>In einem weiteren Beitrag wird etwas st\u00e4rker betont, welche <strong>Ma\u00dfnahmen<\/strong> in Hinblick auf die Risiken jetzt erforderlich w\u00e4ren: <a href=\"https:\/\/fwes.info\/KI-Atomkriegsrisiko-2023-1.pdf\">https:\/\/fwes.info\/KI-Atomkriegsrisiko-2023-1.pdf<\/a><\/p>\n\n\n\n<p><\/p>\n\n\n\n<p>Die Warnungen b\u00fcglich KI betreffen nicht nur das Risiko eines Atomkriegs aus Versehen. Deshalb wurden diese <strong>neuen Seiten<\/strong> eingerichtet:<\/p>\n\n\n\n<p><a href=\"http:\/\/ki-folgen.de\">ki-folgen.de<\/a><\/p>\n\n\n\n<p><\/p>\n\n\n\n<p>Risiken der KI werden auch behandelt auf:<\/p>\n\n\n\n<ul class=\"wp-block-list\">\n<li><a href=\"https:\/\/futureoflife.org\/\">https:\/\/futureoflife.org\/<\/a><\/li>\n\n\n\n<li><a href=\"https:\/\/www.safe.ai\/\">https:\/\/www.safe.ai\/<\/a><\/li>\n<\/ul>\n","protected":false},"excerpt":{"rendered":"<p>Ende Mai haben f\u00fchrende KI-Wissenschaftler und Verantwortliche von KI-Unternehmen eindringlich vor Risiken durch KI gewarnt. Diese Warnungen wurden in den Medien kaum beachtet, sollten aber sehr ernst genommen werden. Die Warnungen k\u00f6nnen auch das Atomkriegsrisiko betreffen. Artikel zu diesen Warnungen: https:\/\/fwes.info\/Warnungen-KI-2023-2.pdf Eine Variante dieses Artikels ist in der Zeitschrift in &#8220;Wissenschaft und Frieden&#8221; 3\/2023 erschienen &hellip; <\/p>\n<p class=\"link-more\"><a href=\"https:\/\/atomkrieg-aus-versehen.de\/en\/warnungen-vor-ki\/\" class=\"more-link\">Continue reading<span class=\"screen-reader-text\"> &#8220;Warnungen vor KI&#8221;<\/span><\/a><\/p>\n","protected":false},"author":1,"featured_media":0,"parent":0,"menu_order":0,"comment_status":"closed","ping_status":"closed","template":"","meta":{"footnotes":""},"class_list":["post-1210","page","type-page","status-publish","hentry"],"translation":{"provider":"WPGlobus","version":"3.0.0","language":"en","enabled_languages":["de","en"],"languages":{"de":{"title":true,"content":true,"excerpt":false},"en":{"title":false,"content":false,"excerpt":false}}},"_links":{"self":[{"href":"https:\/\/atomkrieg-aus-versehen.de\/en\/wp-json\/wp\/v2\/pages\/1210","targetHints":{"allow":["GET"]}}],"collection":[{"href":"https:\/\/atomkrieg-aus-versehen.de\/en\/wp-json\/wp\/v2\/pages"}],"about":[{"href":"https:\/\/atomkrieg-aus-versehen.de\/en\/wp-json\/wp\/v2\/types\/page"}],"author":[{"embeddable":true,"href":"https:\/\/atomkrieg-aus-versehen.de\/en\/wp-json\/wp\/v2\/users\/1"}],"replies":[{"embeddable":true,"href":"https:\/\/atomkrieg-aus-versehen.de\/en\/wp-json\/wp\/v2\/comments?post=1210"}],"version-history":[{"count":8,"href":"https:\/\/atomkrieg-aus-versehen.de\/en\/wp-json\/wp\/v2\/pages\/1210\/revisions"}],"predecessor-version":[{"id":1255,"href":"https:\/\/atomkrieg-aus-versehen.de\/en\/wp-json\/wp\/v2\/pages\/1210\/revisions\/1255"}],"wp:attachment":[{"href":"https:\/\/atomkrieg-aus-versehen.de\/en\/wp-json\/wp\/v2\/media?parent=1210"}],"curies":[{"name":"wp","href":"https:\/\/api.w.org\/{rel}","templated":true}]}}