{"id":283,"date":"2020-05-07T08:14:07","date_gmt":"2020-05-07T08:14:07","guid":{"rendered":"https:\/\/atomic-cyber-crash.de\/?page_id=283"},"modified":"2020-06-11T13:23:09","modified_gmt":"2020-06-11T13:23:09","slug":"unterstuetzer-neu","status":"publish","type":"page","link":"https:\/\/atomkrieg-aus-versehen.de\/en\/unterstuetzer-neu\/","title":{"rendered":"Unterst\u00fctzer-neu"},"content":{"rendered":"\n<p> www.atomkrieg-aus-versehen.de\/unterstuetzer\/ <\/p>\n\n\n\n<p>Die Warnungen vor einem Atomkrieg aus Versehen werden von vielen Personen und Institutionen unterst\u00fctzt, einige sind hier angegeben. Jede Person, jeder Verein, jedes Unternehmen kann eine solche Unterst\u00fctzung auch durch einen Link auf unsere Seiten zeigen. Beispiel f\u00fcr einen solchen Unterst\u00fctzungslink: <a href=\"https:\/\/www.hochschule-trier.de\/informatik\/blaesius\/\">https:\/\/www.hochschule-trier.de\/informatik\/blaesius\/<\/a>  <\/p>\n\n\n\n<p><a href=\"https:\/\/atomkrieg-aus-versehen.de\/unterstuetzer-ki\/\">Unterst\u00fctzung durch Experten der K\u00fcnstlichen Intelligenz<\/a> <\/p>\n\n\n\n<p>Unterst\u00fctzung durch bekannte Pers\u00f6nlichkeiten (in Vorbereitung)<\/p>\n\n\n\n<p><a href=\"https:\/\/atomkrieg-aus-versehen.de\/unterstuetzer-privat\/\">Unterst\u00fctzung durch Privatpersonen und Unternehmen<\/a><\/p>\n\n\n\n<p>In den Listen sind beispielhaft einige Personen und Organisationen  genannt, die dieses Anliegen unterst\u00fctzen. Es handelt sich hierbei  nicht um eine Unterschriftenliste die fortgef\u00fchrt wird. Jede weitere  Person (oder Organisation) kann seine Unterst\u00fctzung dieses Anliegens durch einen Link von  der eigenen Homepage auf diese Seite kenntlich machen.  <\/p>\n","protected":false},"excerpt":{"rendered":"<p>www.atomkrieg-aus-versehen.de\/unterstuetzer\/ Die Warnungen vor einem Atomkrieg aus Versehen werden von vielen Personen und Institutionen unterst\u00fctzt, einige sind hier angegeben. Jede Person, jeder Verein, jedes Unternehmen kann eine solche Unterst\u00fctzung auch durch einen Link auf unsere Seiten zeigen. Beispiel f\u00fcr einen solchen Unterst\u00fctzungslink: https:\/\/www.hochschule-trier.de\/informatik\/blaesius\/ Unterst\u00fctzung durch Experten der K\u00fcnstlichen Intelligenz Unterst\u00fctzung durch bekannte Pers\u00f6nlichkeiten (in Vorbereitung) &hellip; <\/p>\n<p class=\"link-more\"><a href=\"https:\/\/atomkrieg-aus-versehen.de\/en\/unterstuetzer-neu\/\" class=\"more-link\">Continue reading<span class=\"screen-reader-text\"> &#8220;Unterst\u00fctzer-neu&#8221;<\/span><\/a><\/p>\n","protected":false},"author":1,"featured_media":0,"parent":0,"menu_order":0,"comment_status":"closed","ping_status":"closed","template":"","meta":{"footnotes":""},"class_list":["post-283","page","type-page","status-publish","hentry"],"translation":{"provider":"WPGlobus","version":"3.0.0","language":"en","enabled_languages":["de","en"],"languages":{"de":{"title":true,"content":true,"excerpt":false},"en":{"title":false,"content":false,"excerpt":false}}},"_links":{"self":[{"href":"https:\/\/atomkrieg-aus-versehen.de\/en\/wp-json\/wp\/v2\/pages\/283","targetHints":{"allow":["GET"]}}],"collection":[{"href":"https:\/\/atomkrieg-aus-versehen.de\/en\/wp-json\/wp\/v2\/pages"}],"about":[{"href":"https:\/\/atomkrieg-aus-versehen.de\/en\/wp-json\/wp\/v2\/types\/page"}],"author":[{"embeddable":true,"href":"https:\/\/atomkrieg-aus-versehen.de\/en\/wp-json\/wp\/v2\/users\/1"}],"replies":[{"embeddable":true,"href":"https:\/\/atomkrieg-aus-versehen.de\/en\/wp-json\/wp\/v2\/comments?post=283"}],"version-history":[{"count":11,"href":"https:\/\/atomkrieg-aus-versehen.de\/en\/wp-json\/wp\/v2\/pages\/283\/revisions"}],"predecessor-version":[{"id":334,"href":"https:\/\/atomkrieg-aus-versehen.de\/en\/wp-json\/wp\/v2\/pages\/283\/revisions\/334"}],"wp:attachment":[{"href":"https:\/\/atomkrieg-aus-versehen.de\/en\/wp-json\/wp\/v2\/media?parent=283"}],"curies":[{"name":"wp","href":"https:\/\/api.w.org\/{rel}","templated":true}]}}