{"id":288,"date":"2020-05-07T08:37:21","date_gmt":"2020-05-07T08:37:21","guid":{"rendered":"https:\/\/atomic-cyber-crash.de\/?page_id=288"},"modified":"2021-11-05T10:21:57","modified_gmt":"2021-11-05T10:21:57","slug":"unterstuetzer-ki","status":"publish","type":"page","link":"https:\/\/atomkrieg-aus-versehen.de\/en\/unterstuetzer-ki\/","title":{"rendered":"Supporters &#8211; AI"},"content":{"rendered":"\n<p>Errors in early warning systems used to detect attacks by nuclear missiles can lead to a nuclear war by mistake. People have less and less time to analyse and evaluate alarm messages, so that artificial intelligence (AI) systems are increasingly being used for this purpose. But even AI systems cannot provide reliable results in such applications. (\u2026 <a href=\"https:\/\/atomkrieg-aus-versehen.de\/en\/fwes-ki\/\">continue<\/a>)<\/p>\n\n\n\n<p>The following experts in computer science and especially artificial intelligence are aware of the great achievements of this discipline and are convinced that most applications of AI bring great benefits to people. However, they warn against their use in military early warning and decision-making systems. The fundamental problem that decisions based on uncertain and incomplete knowledge can be wrong cannot be solved with AI techniques either.<\/p>\n\n\n\n<p>Experts in computer science, especially artificial intelligence:<\/p>\n\n\n\n<p><a href=\"https:\/\/www.fernuni-hagen.de\/wbs\/index.html\">Prof. Dr. Christoph Beierle<\/a> (Fernuniversit\u00e4t Hagen)<\/p>\n\n\n\n<p><a href=\"https:\/\/www.informatik.uni-leipzig.de\/~brewka\/\">Prof. Dr. Gerhard Brewka<\/a> (Universit\u00e4t Leipzig)<\/p>\n\n\n\n<p><a href=\"https:\/\/www.dfki.de\/web\/ueber-uns\/mitarbeiter\/person\/ande00\/\">Prof. Dr. Prof. h.c. Andreas Dengel<\/a> (DFKI Kaiserslautern)<\/p>\n\n\n\n<p><a href=\"https:\/\/bscc.spatial-cognition.de\/freksa\">Prof. Dr. Christian Freksa<\/a> (Universit\u00e4t Bremen, <a href=\"https:\/\/bscc.spatial-cognition.de\/node\/74\">+12.11.2020<\/a>)<\/p>\n\n\n\n<p><a href=\"https:\/\/www.uni-koblenz-landau.de\/de\/koblenz\/fb4\/ifi\/AGKI\/Mitarbeiter\/Professoren\/Furbach\">Prof. Dr. Ulrich Furbach<\/a> (Universit\u00e4t Koblenz-Landau)<\/p>\n\n\n\n<p><a href=\"https:\/\/www.ki.fau.de\/speakers\/prof-dr-guenther-goerz\/\">Prof. Dr. G\u00fcnther G\u00f6rz<\/a>, (Universit\u00e4t Erlangen-N\u00fcrnberg)<\/p>\n\n\n\n<p><a href=\"http:\/\/www.tzi.de\/~herzog\/\">Prof. Dr. Prof. h.c. Otthein Herzog<\/a> (Universit\u00e4t Bremen)<\/p>\n\n\n\n<p><a href=\"https:\/\/www.universiteitleiden.nl\/en\/staffmembers\/holger-hoos#tab-1\">Prof. Dr. Holger Hoos<\/a> (Universiteit Leiden, NL and University of British Columbia, Kanada)<\/p>\n\n\n\n<p><a href=\"https:\/\/www-ai.cs.tu-dortmund.de\/PERSONAL\/morik.html\">Prof. Dr. Katharina Morik<\/a> (Universit\u00e4t Dortmund)<\/p>\n\n\n\n<p><a href=\"https:\/\/www.mathematik-informatik-statistik.uni-muenchen.de\/personen\/emeriti\/ohlbach\/index.html\">Prof. Dr. Hans-J\u00fcrgen Ohlbach<\/a> (LM-Universit\u00e4t M\u00fcnchen)<\/p>\n\n\n\n<p><a href=\"https:\/\/www.sievert-stiftung.de\/ueber-die-stiftung\/stiftungsorgane\/prof-dr-ing-claus-rainer-rollinger.html\">Prof. Dr. Claus Rollinger<\/a> (Universit\u00e4t Osnabr\u00fcck)<\/p>\n\n\n\n<p><a href=\"http:\/\/www.uni-bamberg.de\/en\/cogsys\/schmid\">Prof. Dr. Ute Schmid<\/a> (Universit\u00e4t Bamberg)<\/p>\n\n\n\n<p><a href=\"https:\/\/www.ki.informatik.uni-frankfurt.de\/persons\/schauss\/schauss.html\">Prof. Dr. Manfred Schmidt-Schau\u00df<\/a> (Universit\u00e4t Frankfurt)<\/p>\n\n\n\n<p><a href=\"https:\/\/ei.is.tuebingen.mpg.de\/~bs\">Prof. Dr. Bernhard Sch\u00f6lkopf<\/a> (Max Planck Institute for Intelligent Systems, T\u00fcbingen)<\/p>\n\n\n\n<p><a href=\"https:\/\/www.dfki.de\/web\/ueber-uns\/mitarbeiter\/person\/phsl01\/\">Prof. Dr. Philipp Slusallek<\/a> (DFKI, Deutsches Forschungszentrum f\u00fcr K\u00fcnstliche Intelligenz and Universit\u00e4t des Saarlandes)<\/p>\n\n\n\n<p><a href=\"https:\/\/www.ps.uni-saarland.de\/~smolka\/\">Prof. Dr. Gert Smolka<\/a> (Universit\u00e4t des Saarlandes)<\/p>\n\n\n\n<p><a href=\"https:\/\/www.aifb.kit.edu\/web\/Rudi_Studer\">Prof. Dr. Rudi Studer<\/a> (KIT, Karlsruhe Institute of Technology)<\/p>\n\n\n\n<p><a href=\"https:\/\/www.techfak.uni-bielefeld.de\/~ipke\/index_de.html\">Prof. Dr. Ipke Wachsmuth<\/a> (Universit\u00e4t Bielefeld)<\/p>\n\n\n\n<p><a href=\"https:\/\/de.wikipedia.org\/wiki\/Kurt-Ulrich_Witt\">Prof. Dr. Kurt-Ulrich <\/a><a href=\"https:\/\/www.h-brs.de\/de\/inf\/prof-dr-kurt-ulrich-witt\">Witt<\/a> (Hochschule Bonn-Rhein-Sieg)<\/p>\n\n\n\n<p>This list of supporters is not intended to be an extensive list of signatures. Only a few &#8220;AI experts&#8221; representing this field in teaching and research have been asked for support. Furthermore, of course, the members of &#8220;about us&#8221; with AI-reference support this request:<\/p>\n\n\n\n<p><a href=\"http:\/\/page.mi.fu-berlin.de\/cbenzmueller\/\">Prof. Dr. Christoph Benzm\u00fcller<\/a> (Freie Universit\u00e4t Berlin)<\/p>\n\n\n\n<p><a href=\"http:\/\/www.hochschule-trier.de\/informatik\/blaesius\/\">Prof. Dr. Karl Hans Bl\u00e4sius<\/a> (Hochschule Trier)<\/p>\n\n\n\n<p><a href=\"http:\/\/siekmann.dfki.de\/de\/home\/\">Prof. Dr. J\u00f6rg Siekmann<\/a> (DFKI Saarbr\u00fccken)<\/p>\n\n\n\n<p><a href=\"https:\/\/www.uni-trier.de\/index.php?id=35358\">Prof. Dr. Ingo J. Timm<\/a> (Universit\u00e4t Trier)<\/p>\n\n\n\n<p><\/p>\n\n\n\n<p>Translated with www.DeepL.com\/Translator (free version)<\/p>\n","protected":false},"excerpt":{"rendered":"<p>Errors in early warning systems used to detect attacks by nuclear missiles can lead to a nuclear war by mistake. People have less and less time to analyse and evaluate alarm messages, so that artificial intelligence (AI) systems are increasingly being used for this purpose. But even AI systems cannot provide reliable results in such &hellip; <\/p>\n<p class=\"link-more\"><a href=\"https:\/\/atomkrieg-aus-versehen.de\/en\/unterstuetzer-ki\/\" class=\"more-link\">Continue reading<span class=\"screen-reader-text\"> &#8220;Supporters &#8211; AI&#8221;<\/span><\/a><\/p>\n","protected":false},"author":1,"featured_media":0,"parent":0,"menu_order":0,"comment_status":"closed","ping_status":"closed","template":"","meta":{"footnotes":""},"class_list":["post-288","page","type-page","status-publish","hentry"],"translation":{"provider":"WPGlobus","version":"3.0.0","language":"en","enabled_languages":["de","en"],"languages":{"de":{"title":true,"content":true,"excerpt":false},"en":{"title":true,"content":true,"excerpt":false}}},"_links":{"self":[{"href":"https:\/\/atomkrieg-aus-versehen.de\/en\/wp-json\/wp\/v2\/pages\/288","targetHints":{"allow":["GET"]}}],"collection":[{"href":"https:\/\/atomkrieg-aus-versehen.de\/en\/wp-json\/wp\/v2\/pages"}],"about":[{"href":"https:\/\/atomkrieg-aus-versehen.de\/en\/wp-json\/wp\/v2\/types\/page"}],"author":[{"embeddable":true,"href":"https:\/\/atomkrieg-aus-versehen.de\/en\/wp-json\/wp\/v2\/users\/1"}],"replies":[{"embeddable":true,"href":"https:\/\/atomkrieg-aus-versehen.de\/en\/wp-json\/wp\/v2\/comments?post=288"}],"version-history":[{"count":55,"href":"https:\/\/atomkrieg-aus-versehen.de\/en\/wp-json\/wp\/v2\/pages\/288\/revisions"}],"predecessor-version":[{"id":914,"href":"https:\/\/atomkrieg-aus-versehen.de\/en\/wp-json\/wp\/v2\/pages\/288\/revisions\/914"}],"wp:attachment":[{"href":"https:\/\/atomkrieg-aus-versehen.de\/en\/wp-json\/wp\/v2\/media?parent=288"}],"curies":[{"name":"wp","href":"https:\/\/api.w.org\/{rel}","templated":true}]}}