{"id":501,"date":"2020-08-31T11:17:13","date_gmt":"2020-08-31T11:17:13","guid":{"rendered":"https:\/\/atomic-cyber-crash.de\/?page_id=501"},"modified":"2020-09-02T10:32:56","modified_gmt":"2020-09-02T10:32:56","slug":"unterstuetzer-ki-neu","status":"publish","type":"page","link":"https:\/\/atomkrieg-aus-versehen.de\/en\/unterstuetzer-ki-neu\/","title":{"rendered":"Unterst\u00fctzer KI-neu"},"content":{"rendered":"\n<p>Fehler in Fr\u00fchwarnsystemen, die der Erkennung von Angriffen durch Atomraketen dienen, k\u00f6nnen zu einem Atomkrieg aus Versehen f\u00fchren. F\u00fcr eine Analyse und Bewertung von Alarmmeldungen bleibt f\u00fcr Menschen immer weniger Zeit, sodass hierf\u00fcr verst\u00e4rkt Systeme der K\u00fcnstlichen Intelligenz (KI) eingesetzt werden. Aber auch KI-Systeme k\u00f6nnen bei solchen Anwendungen keine sicheren Ergebnisse liefern. (\u2026 <a href=\"https:\/\/atomkrieg-aus-versehen.de\/fwes-ki\/\">weiter<\/a>) <\/p>\n\n\n\n<p>Die nachfolgend genannten Experten der (Wirtschafts-)Informatik, insbesondere mit Schwerpunkt &#8220;K\u00fcnstliche Intelligenz&#8221; kennen die gro\u00dfen Errungenschaften dieser Disziplin und sind davon \u00fcberzeugt, dass die meisten Anwendungen der KI gro\u00dfen Nutzen f\u00fcr die Menschen bringen. Sie warnen aber vor einer Anwendung in milit\u00e4rischen Fr\u00fchwarn- und Entscheidungssystemen. Das grunds\u00e4tzliche Problem, dass Entscheidungen auf Basis von unsicherem und unvollst\u00e4ndigen Wissen falsch sein k\u00f6nnen, l\u00e4sst sich auch mit KI-Methoden nicht l\u00f6sen.<\/p>\n\n\n\n<p>Experten der Informatik, insbesondere K\u00fcnstliche Intelligenz:<\/p>\n\n\n\n<p><a href=\"https:\/\/www.fernuni-hagen.de\/wbs\/index.html\">Prof. Dr. Christoph Beierle<\/a> (Fernuniversit\u00e4t Hagen)<\/p>\n\n\n\n<p><a href=\"https:\/\/cosy.informatik.uni-bremen.de\/staff\/christian-freksa.html\">Prof. Dr. Christian Freksa<\/a> (Universit\u00e4t Bremen)<\/p>\n\n\n\n<p><a href=\"https:\/\/www.uni-koblenz-landau.de\/de\/koblenz\/fb4\/ifi\/AGKI\/Mitarbeiter\/Professoren\/Furbach\">Prof. Dr. Ulrich Furbach<\/a> (Universit\u00e4t Koblenz-Landau)<\/p>\n\n\n\n<p><a href=\"https:\/\/www.ki.fau.de\/speakers\/prof-dr-guenther-goerz\/\">Prof. Dr. G\u00fcnther G\u00f6rz<\/a>, (Universit\u00e4t Erlangen-N\u00fcrnberg)<\/p>\n\n\n\n<p><a href=\"https:\/\/ai.uni-bremen.de\/team\/otthein_herzog\">Prof. Dr. Otthein Herzog<\/a> (Universit\u00e4t Bremen)<\/p>\n\n\n\n<p><a href=\"https:\/\/www-ai.cs.tu-dortmund.de\/PERSONAL\/morik.html\">Prof. Dr. Katharina Morik<\/a> (Universit\u00e4t Dortmund)<\/p>\n\n\n\n<p><a href=\"https:\/\/www.mathematik-informatik-statistik.uni-muenchen.de\/personen\/emeriti\/ohlbach\/index.html\">Prof. Dr. Hans-J\u00fcrgen Ohlbach<\/a> (LM-Universit\u00e4t M\u00fcnchen)<\/p>\n\n\n\n<p><a href=\"https:\/\/www.sievert-stiftung.de\/ueber-die-stiftung\/stiftungsorgane\/prof-dr-ing-claus-rainer-rollinger.html\">Prof. Dr. Claus Rollinger<\/a> (Universit\u00e4t Osnabr\u00fcck)<\/p>\n\n\n\n<p><a href=\"https:\/\/www.ki.informatik.uni-frankfurt.de\/persons\/schauss\/schauss.html\">Prof. Dr. Manfred Schmidt-Schau\u00df<\/a> (Universit\u00e4t Frankfurt)<\/p>\n\n\n\n<p><a href=\"https:\/\/www.ps.uni-saarland.de\/~smolka\/\">Prof. Dr. Gert Smolka<\/a> (Universit\u00e4t Saarbr\u00fccken)<\/p>\n\n\n\n<p>Diese Liste mit Unterst\u00fctzern ist nicht als umfangreiche Unterschriftenliste gedacht, sondern es wurden lediglich einige &#8220;KI-Experten&#8221;, die dieses Gebiet in Lehre und Forschung vertreten, um Unterst\u00fctzung gebeten. Desweiteren unterst\u00fctzen nat\u00fcrlich die Mitglieder von &#8220;\u00fcber uns&#8221; mit KI-Bezug dieses Anliegen:<\/p>\n\n\n\n<p><a href=\"http:\/\/www.hochschule-trier.de\/informatik\/blaesius\/\">Prof. Dr. Karl Hans Bl\u00e4sius<\/a> (Hochschule Trier)<\/p>\n\n\n\n<p><a href=\"http:\/\/siekmann.dfki.de\/de\/home\/\">Prof. Dr. J\u00f6rg Siekmann<\/a> (DFKI Saarbr\u00fccken)<\/p>\n\n\n\n<p><a href=\"https:\/\/www.uni-trier.de\/index.php?id=35358\">Prof. Dr. Ingo J. Timm<\/a> (Universit\u00e4t Trier)<\/p>\n","protected":false},"excerpt":{"rendered":"<p>Fehler in Fr\u00fchwarnsystemen, die der Erkennung von Angriffen durch Atomraketen dienen, k\u00f6nnen zu einem Atomkrieg aus Versehen f\u00fchren. F\u00fcr eine Analyse und Bewertung von Alarmmeldungen bleibt f\u00fcr Menschen immer weniger Zeit, sodass hierf\u00fcr verst\u00e4rkt Systeme der K\u00fcnstlichen Intelligenz (KI) eingesetzt werden. Aber auch KI-Systeme k\u00f6nnen bei solchen Anwendungen keine sicheren Ergebnisse liefern. (\u2026 weiter) Die &hellip; <\/p>\n<p class=\"link-more\"><a href=\"https:\/\/atomkrieg-aus-versehen.de\/en\/unterstuetzer-ki-neu\/\" class=\"more-link\">Continue reading<span class=\"screen-reader-text\"> &#8220;Unterst\u00fctzer KI-neu&#8221;<\/span><\/a><\/p>\n","protected":false},"author":1,"featured_media":0,"parent":0,"menu_order":0,"comment_status":"closed","ping_status":"closed","template":"","meta":{"footnotes":""},"class_list":["post-501","page","type-page","status-publish","hentry"],"translation":{"provider":"WPGlobus","version":"3.0.0","language":"en","enabled_languages":["de","en"],"languages":{"de":{"title":true,"content":true,"excerpt":false},"en":{"title":false,"content":false,"excerpt":false}}},"_links":{"self":[{"href":"https:\/\/atomkrieg-aus-versehen.de\/en\/wp-json\/wp\/v2\/pages\/501","targetHints":{"allow":["GET"]}}],"collection":[{"href":"https:\/\/atomkrieg-aus-versehen.de\/en\/wp-json\/wp\/v2\/pages"}],"about":[{"href":"https:\/\/atomkrieg-aus-versehen.de\/en\/wp-json\/wp\/v2\/types\/page"}],"author":[{"embeddable":true,"href":"https:\/\/atomkrieg-aus-versehen.de\/en\/wp-json\/wp\/v2\/users\/1"}],"replies":[{"embeddable":true,"href":"https:\/\/atomkrieg-aus-versehen.de\/en\/wp-json\/wp\/v2\/comments?post=501"}],"version-history":[{"count":7,"href":"https:\/\/atomkrieg-aus-versehen.de\/en\/wp-json\/wp\/v2\/pages\/501\/revisions"}],"predecessor-version":[{"id":550,"href":"https:\/\/atomkrieg-aus-versehen.de\/en\/wp-json\/wp\/v2\/pages\/501\/revisions\/550"}],"wp:attachment":[{"href":"https:\/\/atomkrieg-aus-versehen.de\/en\/wp-json\/wp\/v2\/media?parent=501"}],"curies":[{"name":"wp","href":"https:\/\/api.w.org\/{rel}","templated":true}]}}