{"id":631,"date":"2020-10-08T09:23:19","date_gmt":"2020-10-08T09:23:19","guid":{"rendered":"https:\/\/atomkrieg-aus-versehen.de\/?page_id=631"},"modified":"2020-10-08T09:30:50","modified_gmt":"2020-10-08T09:30:50","slug":"unterstuetzer-pp2","status":"publish","type":"page","link":"https:\/\/atomkrieg-aus-versehen.de\/en\/unterstuetzer-pp2\/","title":{"rendered":"Prominente Pers\u00f6nlichkeiten"},"content":{"rendered":"\n<p>Computergest\u00fctzte Fr\u00fchwarnsysteme dienen der Erkennung von Angriffen durch Atomraketen. Ein Testen von Fr\u00fchwarnsystemen ist unter realen Bedingungen kaum m\u00f6glich. Fehler in derart komplexen Systemen k\u00f6nnen nicht ausgeschlossen werden, k\u00f6nnen aber zu einem Atomkrieg aus Versehen f\u00fchren. Aufgrund der Auswirkungen eines Atomkriegs kann aber kein einziger Fehler toleriert werden. Ein neues Wettr\u00fcsten u.a. mit Hyperschallraketen wird die Vorwarnzeten weiter verk\u00fcrzen. Daher sollen verst\u00e4rkt Systeme der K\u00fcnstlichen Intelligenz (KI) eingesetzt werden. Aber auch KI-Systeme k\u00f6nnen bei solchen Anwendungen keine sicheren Ergebnisse liefern. Das grunds\u00e4tzliche Problem, dass Entscheidungen auf Basis von unsicherem und unvollst\u00e4ndigen Wissen falsch sein k\u00f6nnen, l\u00e4sst sich auch mit KI-Methoden nicht l\u00f6sen. Die Warnungen vor einem Atomkrieg aus Versehen werden unterst\u00fctzt durch:<\/p>\n\n\n\n<p>(Liste in Vorbereitung)<\/p>\n","protected":false},"excerpt":{"rendered":"<p>Computergest\u00fctzte Fr\u00fchwarnsysteme dienen der Erkennung von Angriffen durch Atomraketen. Ein Testen von Fr\u00fchwarnsystemen ist unter realen Bedingungen kaum m\u00f6glich. Fehler in derart komplexen Systemen k\u00f6nnen nicht ausgeschlossen werden, k\u00f6nnen aber zu einem Atomkrieg aus Versehen f\u00fchren. Aufgrund der Auswirkungen eines Atomkriegs kann aber kein einziger Fehler toleriert werden. Ein neues Wettr\u00fcsten u.a. mit Hyperschallraketen wird &hellip; <\/p>\n<p class=\"link-more\"><a href=\"https:\/\/atomkrieg-aus-versehen.de\/en\/unterstuetzer-pp2\/\" class=\"more-link\">Continue reading<span class=\"screen-reader-text\"> &#8220;Prominente Pers\u00f6nlichkeiten&#8221;<\/span><\/a><\/p>\n","protected":false},"author":1,"featured_media":0,"parent":0,"menu_order":0,"comment_status":"closed","ping_status":"closed","template":"","meta":{"footnotes":""},"class_list":["post-631","page","type-page","status-publish","hentry"],"translation":{"provider":"WPGlobus","version":"3.0.0","language":"en","enabled_languages":["de","en"],"languages":{"de":{"title":true,"content":true,"excerpt":false},"en":{"title":false,"content":false,"excerpt":false}}},"_links":{"self":[{"href":"https:\/\/atomkrieg-aus-versehen.de\/en\/wp-json\/wp\/v2\/pages\/631","targetHints":{"allow":["GET"]}}],"collection":[{"href":"https:\/\/atomkrieg-aus-versehen.de\/en\/wp-json\/wp\/v2\/pages"}],"about":[{"href":"https:\/\/atomkrieg-aus-versehen.de\/en\/wp-json\/wp\/v2\/types\/page"}],"author":[{"embeddable":true,"href":"https:\/\/atomkrieg-aus-versehen.de\/en\/wp-json\/wp\/v2\/users\/1"}],"replies":[{"embeddable":true,"href":"https:\/\/atomkrieg-aus-versehen.de\/en\/wp-json\/wp\/v2\/comments?post=631"}],"version-history":[{"count":2,"href":"https:\/\/atomkrieg-aus-versehen.de\/en\/wp-json\/wp\/v2\/pages\/631\/revisions"}],"predecessor-version":[{"id":636,"href":"https:\/\/atomkrieg-aus-versehen.de\/en\/wp-json\/wp\/v2\/pages\/631\/revisions\/636"}],"wp:attachment":[{"href":"https:\/\/atomkrieg-aus-versehen.de\/en\/wp-json\/wp\/v2\/media?parent=631"}],"curies":[{"name":"wp","href":"https:\/\/api.w.org\/{rel}","templated":true}]}}